{"id":9621,"date":"2017-01-13T15:17:58","date_gmt":"2017-01-13T15:17:58","guid":{"rendered":"http:\/\/www.studiocontroluz.com\/?page_id=9621"},"modified":"2021-06-16T10:52:49","modified_gmt":"2021-06-16T10:52:49","slug":"cosa-facciamo","status":"publish","type":"page","link":"https:\/\/www.studiocontroluz.com\/en\/cosa-facciamo\/","title":{"rendered":"Cosa facciamo"},"content":{"rendered":"\n<div class=\"clearfix\" style=\"text-align:center;\"><i style=\"font-size:150px; color:#e97213 !important;\" class=\"shortcode-fontawesome-icon feather-icon-camera\"><\/i><\/div>\n<div style=\"padding: 0 0 0;margin: 25px 0 0;background-color: ;color: ;border-width:0px;border-color:;border-style:solid;\"><\/p>\n<p style=\"text-align: center;\"><span style=\"color: #ffffff;\">Abbiamo competenza e sensibilit\u00e0 per fornire servizi fotografici personalizzati, per te e per i tuoi clienti, convertendo in realt\u00e0 le esigenze pi\u00f9 specifiche e particolari.<\/span><\/p>\n<ul>\n<li style=\"text-align: left;\"><a href=\"http:\/\/www.studiocontroluz.com\/events\/\">Reportage<\/a><\/li>\n<li style=\"text-align: left;\"><a href=\"http:\/\/www.studiocontroluz.com\/restaurants\/\">Food<\/a><\/li>\n<li style=\"text-align: left;\"><a href=\"http:\/\/www.studiocontroluz.com\/interiors\/\">Interiors<\/a><\/li>\n<li style=\"text-align: left;\"><a href=\"http:\/\/www.studiocontroluz.com\/still\/\">Still Life<\/a><\/li>\n<li style=\"text-align: left;\"><a href=\"http:\/\/www.studiocontroluz.com\/fashion\/\">Fashion<\/a><\/li>\n<li style=\"text-align: left;\"><a href=\"http:\/\/www.studiocontroluz.com\/fotografie-360-lazio-film-commission-studio-controluz\/\">Foto 360\u00b0<\/a><\/li>\n<\/ul>\n<p>\n<\/div>\n<div class=\"pullquote-left none\"><h5 style=\"text-align: center;\"><span style=\"color: #ffffff;\">La fotografia \u00e8 il riconoscimento simultaneo, in una frazione di secondo, del significato di un evento.<\/span><\/h5>\n<h5 style=\"text-align: center;\"><span style=\"color: #ffffff;\">Henry Cartier-Bresson<\/span><\/h5>\n<p>\n<\/div>\n<div class=\"clearfix\" style=\"text-align:center;\"><i style=\"font-size:150px; color:#e97213 !important;\" class=\"shortcode-fontawesome-icon feather-icon-video\"><\/i><\/div>\n<div style=\"padding: 0 0 0;margin: 25px 0 0;background-color: ;color: ;border-width:0px;border-color:;border-style:solid;\"><\/p>\n<p style=\"text-align: center;\"><span style=\"color: #ffffff;\">\u00c8 per noi di prioritaria importanza valorizzare il prodotto dei nostri clienti.<br \/>\nPer questo ti offriamo i migliori servizi per raggiungere, in modo eccellente e innovativo, il tuo obiettivo.<\/span><\/p>\n<ul>\n<li><a title=\"\" href=\"http:\/\/www.studiocontroluz.com\/video\/#promo\"><span style=\"color: #ffffff;\">Video promozionali<\/span><\/a><\/li>\n<li><span style=\"color: #ffffff;\">Video 360\u00b0<\/span><\/li>\n<li><a title=\"\" href=\"http:\/\/www.studiocontroluz.com\/video\/#reporteventi\"><span style=\"color: #ffffff;\">Video report eventi<\/span><\/a><\/li>\n<li><a title=\"\" href=\"http:\/\/www.studiocontroluz.com\/video\/#aziendali\"><span style=\"color: #ffffff;\">Video aziendali<\/span><\/a><\/li>\n<li><a title=\"\" href=\"http:\/\/www.studiocontroluz.com\/video\/#videoclip\"><span style=\"color: #ffffff;\">Videoclip musicali<\/span><\/a><\/li>\n<\/ul>\n<p>\n<\/div>\n<div class=\"pullquote-left none\"><h5 style=\"text-align: center;\"><span style=\"color: #ffffff;\">Se pu\u00f2 essere scritto<br \/>\no pensato,<br \/>\npu\u00f2 essere filmato.<\/span><\/h5>\n<h5 style=\"text-align: center;\"><span style=\"color: #ffffff;\"><em>Stanley Kubrick<\/em><\/span><\/h5>\n<p>\n<\/div>\n<div class=\"clearfix\" style=\"text-align:center;\"><i style=\"font-size:150px; color:#e97213 !important;\" class=\"shortcode-fontawesome-icon feather-icon-monitor\"><\/i><\/div>\n<div style=\"padding: 0 0 0;margin: 25px 0 0;background-color: ;color: ;border-width:0px;border-color:;border-style:solid;\"><\/p>\n<p style=\"text-align: center;\"><span style=\"color: #ffffff;\">Quando pensi sia tutto finito,\u00a0\u00e8 solo l'inizio.<\/span><br \/>\n<span style=\"color: #ffffff;\"> Editiamo al meglio il tuo servizio, per renderlo un prodotto impeccabile.<\/span><\/p>\n<ul>\n<li><a href=\"http:\/\/www.studiocontroluz.com\/digital-post-production\/#fotoritocco\"><span style=\"color: #ffffff;\">Fotoritocco<\/span><\/a><\/li>\n<li><a href=\"http:\/\/www.studiocontroluz.com\/digital-post-production\/\"><span style=\"color: #ffffff;\">Color correction<\/span><\/a><\/li>\n<li><a href=\"http:\/\/www.studiocontroluz.com\/digital-post-production\/#beauty\"><span style=\"color: #ffffff;\">Beauty retouching<\/span><\/a><\/li>\n<li><span style=\"color: #ffffff;\">Acquisizione digitale di materiale analogico (foto e video)<\/span><\/li>\n<li><span style=\"color: #ffffff;\">Restauro digitale\u00a0di immagini fotografiche da qualsiasi formato<\/span><\/li>\n<li><a href=\"http:\/\/www.studiocontroluz.com\/video\/\"><span style=\"color: #ffffff;\">Montaggio video<\/span><\/a><\/li>\n<li><a href=\"http:\/\/www.studiocontroluz.com\/video\/\"><span style=\"color: #ffffff;\">Video editing<\/span><\/a><\/li>\n<\/ul>\n<p>\n<\/div>\n<div class=\"pullquote-left none\"><h5 style=\"text-align: center;\"><span style=\"color: #ffffff;\">Il negativo \u00e8 paragonabile alla partitura del compositore e la stampa alla sua esecuzione.<\/span><br \/>\n<span style=\"color: #ffffff;\"> Ogni esecuzione \u00e8 diversa in modo sottile.<\/span><\/h5>\n<h5 style=\"text-align: center;\"><span style=\"color: #ffffff;\">Ansel Adams<\/span><\/h5>\n<p>\n<\/div>\n<div class=\"pullquote-center animation-standby animated fadeIn\"><h3><span style=\"color: #ffffff;\">Alcuni dei nostri clienti<\/span><\/h3>\n<p>\n<\/div>\n<div class=\"shortcode-carousel-group clearfix\"><div id=\"shortcode-carousel-owl-9621-8535\" class=\"owl-carousel\"> <div class=\"shortcode-carousel-item\"><a href=\"https:\/\/www.studiocontroluz.com\/events\/\" ><img decoding=\"async\" src=\"http:\/\/www.studiocontroluz.com\/wp-content\/uploads\/2017\/01\/logo__0004_logo-LA3.png\" alt=\"Look Around\" class=\"stips\" title=\"Look Around\" \/><\/a><\/div><div class=\"shortcode-carousel-item\"><a href=\"https:\/\/www.studiocontroluz.com\/project\/fondazione-operation-smile-italia-onlus\/\" ><img decoding=\"async\" src=\"http:\/\/www.studiocontroluz.com\/wp-content\/uploads\/2017\/01\/logo__0000_xOSmile_Logo.jpg.pagespeed.ic_.Q7e8zJG_dA.png\" alt=\"Operation Smile Italia\" class=\"stips\" title=\"Operation Smile Italia\" \/><\/a><\/div><div class=\"shortcode-carousel-item\"><a href=\"https:\/\/www.studiocontroluz.com\/project\/arriga-jewelry-rome\/\" ><img decoding=\"async\" src=\"http:\/\/www.studiocontroluz.com\/wp-content\/uploads\/2017\/01\/logo__0008_arriga.png\" alt=\"Arriga\" class=\"stips\" title=\"Arriga\" \/><\/a><\/div><div class=\"shortcode-carousel-item\"><a href=\"https:\/\/www.studiocontroluz.com\/project\/amka-onlus\/\" ><img decoding=\"async\" src=\"http:\/\/www.studiocontroluz.com\/wp-content\/uploads\/2017\/01\/logo__0001_UR8YVXdi.png\" alt=\"Amka Onlus\" class=\"stips\" title=\"Amka Onlus\" \/><\/a><\/div><div class=\"shortcode-carousel-item\"><a href=\"https:\/\/www.studiocontroluz.com\/fotografie-360-lazio-film-commission-studio-controluz\/\" ><img decoding=\"async\" src=\"http:\/\/www.studiocontroluz.com\/wp-content\/uploads\/2017\/01\/logo__0007_direct-to-brain.png\" alt=\"Direct2Brain\" class=\"stips\" title=\"Direct2Brain\" \/><\/a><\/div><div class=\"shortcode-carousel-item\"><a href=\"https:\/\/www.studiocontroluz.com\/restaurants\/\" ><img decoding=\"async\" src=\"http:\/\/www.studiocontroluz.com\/wp-content\/uploads\/2017\/01\/logo__0003_logopicdilla.png\" alt=\"Dill\u00e0 restaurant\" class=\"stips\" title=\"Dill\u00e0 restaurant\" \/><\/a><\/div><div class=\"shortcode-carousel-item\"><a href=\"https:\/\/www.studiocontroluz.com\/events\/\" ><img decoding=\"async\" src=\"http:\/\/www.studiocontroluz.com\/wp-content\/uploads\/2017\/01\/logo__0005_logo-esp-og-new.png\" alt=\"Eurosport\" class=\"stips\" title=\"Eurosport\" \/><\/a><\/div><div class=\"shortcode-carousel-item\"><a href=\"https:\/\/www.studiocontroluz.com\/events\/\" ><img decoding=\"async\" src=\"http:\/\/www.studiocontroluz.com\/wp-content\/uploads\/2017\/01\/logo__0009_AB_InBev_logo.svg_.png\" alt=\"Ab Inbev\" class=\"stips\" title=\"Ab Inbev\" \/><\/a><\/div><div class=\"shortcode-carousel-item\"><a href=\"https:\/\/www.studiocontroluz.com\/events\/\" ><img decoding=\"async\" src=\"http:\/\/www.studiocontroluz.com\/wp-content\/uploads\/2017\/01\/logo__0002_New_FIC_logo.png\" alt=\"Fox international\" class=\"stips\" title=\"Fox international\" \/><\/a><\/div><div class=\"shortcode-carousel-item\"><a href=\"https:\/\/www.studiocontroluz.com\/events\/\" ><img decoding=\"async\" src=\"http:\/\/www.studiocontroluz.com\/wp-content\/uploads\/2017\/01\/logo__0010_2000px-Logo_Vueling.svg_.png\" alt=\"Vueling\" class=\"stips\" title=\"Vueling\" \/><\/a><\/div><div class=\"shortcode-carousel-item\"><a href=\"https:\/\/www.studiocontroluz.com\/events\/\" ><img decoding=\"async\" src=\"http:\/\/www.studiocontroluz.com\/wp-content\/uploads\/2017\/01\/logo__0006_HomeAway.png\" alt=\"Home Away\" class=\"stips\" title=\"Home Away\" \/><\/a><\/div> <\/div><\/div>\n\t<script>\n\t\/* <![CDATA[ *\/\n\t(function($){\n\t$(window).on(\"load\", function(){\n\t\t$(\"#shortcode-carousel-owl-9621-8535\").owlCarousel({\n\t\t\titemsCustom : [\n\t\t\t\t[0, 1],\n\t\t\t\t[700, 3],\n\t\t\t\t[1024, 6]\n\t\t\t],\n\t\t\titems: 5,\n\t\t\tnavigation : false,\n\t\t\tnavigationText : [\"\",\"\"],\n\t\t\tscrollPerPage : false,\n\t\t\tpagination: false,\n\t\t\tautoPlay: 10000\n\t\t});\n\t})\n\t})(jQuery);\n\t\/* ]]> *\/\n\t<\/script>\n\t\n<div class=\"clearfix divider-common default-divider  divider-blank\" style=\"margin-top:10px;margin-bottom:10px;\"><\/div>\n<div class=\"button-shortcode button-shortcode-69e2c6284c192\" style=\"text-align:center;\"><a href=\"http:\/\/www.studiocontroluz.com\/contact-us\/\"  target=\"_blank\"><div class=\"mtheme-button animation-standby animated pulse\"><span class=\"button-icon\"><i class=\"feather-icon-mail\"><\/i><\/span>Richiedi informazioni<\/div><\/a><\/div><style>.button-shortcode-69e2c6284c192 .mtheme-button:after { background-color: #e97213; }.button-shortcode-69e2c6284c192 .mtheme-button { border-color: #e97213; color: #e97213; }<\/style>\n<div class=\"clearfix divider-common default-divider  divider-blank\" style=\"margin-top:10px;margin-bottom:10px;\"><\/div>\n<div class=\"clearfix divider-common default-divider  divider-blank\" style=\"margin-top:10px;margin-bottom:10px;\"><\/div>\n<div class=\"button-shortcode button-shortcode-69e2c6284c1aa\" style=\"text-align:center;\"><a href=\"http:\/\/www.studiocontroluz.com\/homepage-studio-controluz\/\" _self><div class=\"mtheme-button animation-standby animated pulse\"><span class=\"button-icon\"><i class=\"simpleicon-home\"><\/i><\/span>Home<\/div><\/a><\/div><style>.button-shortcode-69e2c6284c1aa .mtheme-button:after { background-color: #e97213; }.button-shortcode-69e2c6284c1aa .mtheme-button { border-color: #e97213; color: #e97213; }<\/style>\n<div class=\"clearfix divider-common default-divider  divider-blank\" style=\"margin-top:10px;margin-bottom:10px;\"><\/div>\n","protected":false},"excerpt":{"rendered":"","protected":false},"author":11,"featured_media":0,"parent":0,"menu_order":0,"comment_status":"closed","ping_status":"closed","template":"","meta":{"footnotes":""},"class_list":["post-9621","page","type-page","status-publish","hentry"],"yoast_head":"<!-- This site is optimized with the Yoast SEO plugin v27.4 - https:\/\/yoast.com\/product\/yoast-seo-wordpress\/ -->\n<title>Cosa facciamo &#8211; Studio ControLuz<\/title>\n<meta name=\"robots\" content=\"index, follow, max-snippet:-1, max-image-preview:large, max-video-preview:-1\" \/>\n<link rel=\"canonical\" href=\"https:\/\/www.studiocontroluz.com\/en\/cosa-facciamo\/\" \/>\n<meta property=\"og:locale\" content=\"en_GB\" \/>\n<meta property=\"og:type\" content=\"article\" \/>\n<meta property=\"og:title\" content=\"Cosa facciamo &#8211; Studio ControLuz\" \/>\n<meta property=\"og:url\" content=\"https:\/\/www.studiocontroluz.com\/en\/cosa-facciamo\/\" \/>\n<meta property=\"og:site_name\" content=\"Studio ControLuz\" \/>\n<meta property=\"article:publisher\" content=\"https:\/\/www.facebook.com\/StudioControLuz\/\" \/>\n<meta property=\"article:modified_time\" content=\"2021-06-16T10:52:49+00:00\" \/>\n<meta property=\"og:image\" content=\"https:\/\/www.studiocontroluz.com\/wp-content\/uploads\/2022\/02\/intro-30.jpg\" \/>\n\t<meta property=\"og:image:width\" content=\"1920\" \/>\n\t<meta property=\"og:image:height\" content=\"1080\" \/>\n\t<meta property=\"og:image:type\" content=\"image\/jpeg\" \/>\n<!-- \/ Yoast SEO plugin. -->","yoast_head_json":{"title":"Cosa facciamo &#8211; Studio ControLuz","robots":{"index":"index","follow":"follow","max-snippet":"max-snippet:-1","max-image-preview":"max-image-preview:large","max-video-preview":"max-video-preview:-1"},"canonical":"https:\/\/www.studiocontroluz.com\/en\/cosa-facciamo\/","og_locale":"en_GB","og_type":"article","og_title":"Cosa facciamo &#8211; Studio ControLuz","og_url":"https:\/\/www.studiocontroluz.com\/en\/cosa-facciamo\/","og_site_name":"Studio ControLuz","article_publisher":"https:\/\/www.facebook.com\/StudioControLuz\/","article_modified_time":"2021-06-16T10:52:49+00:00","og_image":[{"width":1920,"height":1080,"url":"https:\/\/www.studiocontroluz.com\/wp-content\/uploads\/2022\/02\/intro-30.jpg","type":"image\/jpeg"}],"schema":{"@context":"https:\/\/schema.org","@graph":[{"@type":"WebPage","@id":"https:\/\/www.studiocontroluz.com\/cosa-facciamo\/","url":"https:\/\/www.studiocontroluz.com\/cosa-facciamo\/","name":"Cosa facciamo &#8211; Studio ControLuz","isPartOf":{"@id":"https:\/\/www.studiocontroluz.com\/#website"},"datePublished":"2017-01-13T15:17:58+00:00","dateModified":"2021-06-16T10:52:49+00:00","breadcrumb":{"@id":"https:\/\/www.studiocontroluz.com\/cosa-facciamo\/#breadcrumb"},"inLanguage":"en-GB","potentialAction":[{"@type":"ReadAction","target":["https:\/\/www.studiocontroluz.com\/cosa-facciamo\/"]}]},{"@type":"BreadcrumbList","@id":"https:\/\/www.studiocontroluz.com\/cosa-facciamo\/#breadcrumb","itemListElement":[{"@type":"ListItem","position":1,"name":"Home","item":"https:\/\/www.studiocontroluz.com\/"},{"@type":"ListItem","position":2,"name":"Cosa facciamo"}]},{"@type":"WebSite","@id":"https:\/\/www.studiocontroluz.com\/#website","url":"https:\/\/www.studiocontroluz.com\/","name":"Studio ControLuz","description":"Dove passione e competenza incontrano l'immagine.","publisher":{"@id":"https:\/\/www.studiocontroluz.com\/#organization"},"potentialAction":[{"@type":"SearchAction","target":{"@type":"EntryPoint","urlTemplate":"https:\/\/www.studiocontroluz.com\/?s={search_term_string}"},"query-input":{"@type":"PropertyValueSpecification","valueRequired":true,"valueName":"search_term_string"}}],"inLanguage":"en-GB"},{"@type":"Organization","@id":"https:\/\/www.studiocontroluz.com\/#organization","name":"Studio ControLuz","url":"https:\/\/www.studiocontroluz.com\/","logo":{"@type":"ImageObject","inLanguage":"en-GB","@id":"https:\/\/www.studiocontroluz.com\/#\/schema\/logo\/image\/","url":"https:\/\/www.studiocontroluz.com\/wp-content\/uploads\/2017\/02\/logo-diaframma-nero-400px.jpg","contentUrl":"https:\/\/www.studiocontroluz.com\/wp-content\/uploads\/2017\/02\/logo-diaframma-nero-400px.jpg","width":400,"height":400,"caption":"Studio ControLuz"},"image":{"@id":"https:\/\/www.studiocontroluz.com\/#\/schema\/logo\/image\/"},"sameAs":["https:\/\/www.facebook.com\/StudioControLuz\/","https:\/\/x.com\/controluz","https:\/\/www.instagram.com\/studiocontroluz\/"]}]}},"_links":{"self":[{"href":"https:\/\/www.studiocontroluz.com\/en\/wp-json\/wp\/v2\/pages\/9621","targetHints":{"allow":["GET"]}}],"collection":[{"href":"https:\/\/www.studiocontroluz.com\/en\/wp-json\/wp\/v2\/pages"}],"about":[{"href":"https:\/\/www.studiocontroluz.com\/en\/wp-json\/wp\/v2\/types\/page"}],"author":[{"embeddable":true,"href":"https:\/\/www.studiocontroluz.com\/en\/wp-json\/wp\/v2\/users\/11"}],"replies":[{"embeddable":true,"href":"https:\/\/www.studiocontroluz.com\/en\/wp-json\/wp\/v2\/comments?post=9621"}],"version-history":[{"count":7,"href":"https:\/\/www.studiocontroluz.com\/en\/wp-json\/wp\/v2\/pages\/9621\/revisions"}],"predecessor-version":[{"id":11971,"href":"https:\/\/www.studiocontroluz.com\/en\/wp-json\/wp\/v2\/pages\/9621\/revisions\/11971"}],"wp:attachment":[{"href":"https:\/\/www.studiocontroluz.com\/en\/wp-json\/wp\/v2\/media?parent=9621"}],"curies":[{"name":"wp","href":"https:\/\/api.w.org\/{rel}","templated":true}]}}